{"id":311,"date":"2025-08-20T16:11:13","date_gmt":"2025-08-20T14:11:13","guid":{"rendered":"https:\/\/www.xaviereguillaume.be\/?page_id=311"},"modified":"2025-08-20T22:54:27","modified_gmt":"2025-08-20T20:54:27","slug":"mes-valeurs","status":"publish","type":"page","link":"https:\/\/www.xaviereguillaume.be\/index.php\/mes-valeurs\/","title":{"rendered":"Mes valeurs"},"content":{"rendered":"\n<figure class=\"wp-block-pullquote has-medium-font-size\"><blockquote><p>Ce qui soutient en filigrane le chemin du changement.<\/p><\/blockquote><\/figure>\n\n\n\n<p>Mon accompagnement repose sur<strong> l\u2019\u00e9thique, le respect et le non-jugement<\/strong>.<br>Chaque personne est accueillie dans un espace s\u00fbr, respectueux du rythme de chacun et balis\u00e9 par le cadre d\u00e9ontologique de la profession.<\/p>\n\n\n\n<p>La <strong>qualit\u00e9 de pr\u00e9sence \u00e0 soi et \u00e0 l\u2019autre<\/strong> ouvre un espace pour accueillir pleinement ce qui se vit et se dit. Mon exp\u00e9rience clinique, alli\u00e9e \u00e0 une \u00e9coute intuitive, conjugue rigueur et souplesse.<\/p>\n\n\n\n<p>L\u2019<strong>authenticit\u00e9 et l\u2019humanit\u00e9<\/strong> guident chaque rencontre.<br>C\u2019est un espace o\u00f9 les masques peuvent se d\u00e9poser et o\u00f9 chacun est accueilli dans sa v\u00e9rit\u00e9.<\/p>\n\n\n\n<p>Je soutiens <strong>l\u2019autonomie et la confiance<\/strong> afin que chacun puisse se r\u00e9approprier sa vie, ses choix et suivre ses \u00e9lans profonds avec courage et assise.<\/p>\n\n\n\n<p>La <strong>bienveillance et la douceur<\/strong> accompagnent le chemin, offrant un cadre apaisant et s\u00e9curisant.<\/p>\n\n\n\n<p>Enfin, j\u2019accorde une grande importance \u00e0 <strong>l\u2019\u00e9coute et \u00e0 l\u2019ouverture<\/strong>.<br>Toutes les dimensions de l\u2019\u00catre \u2014 corps, \u00e9motions, psych\u00e9, liens familiaux, intuition \u2014 sont reconnues comme des voies pr\u00e9cieuses de compr\u00e9hension et de transformation.<\/p>\n\n\n\n<blockquote class=\"wp-block-quote is-layout-flow wp-block-quote-is-layout-flow\">\n<p style=\"margin-top:var(--wp--preset--spacing--60);margin-bottom:var(--wp--preset--spacing--60);font-size:17px\">\u00ab\u202fLa v\u00e9ritable \u00e9coute est la capacit\u00e9 de se tenir dans le silence, ouvert \u00e0 ce que l&#8217;autre porte.\u202f\u00bb<br>\u2014 Carl Rogers, <em>On Becoming a Person, <\/em>1961<\/p>\n<\/blockquote>\n\n\n\n<p><\/p>\n\n\n\n<p><\/p>\n","protected":false},"excerpt":{"rendered":"<p>Ce qui soutient en filigrane le chemin du changement. Mon accompagnement repose sur l\u2019\u00e9thique, le respect et le non-jugement.Chaque personne est accueillie dans un espace s\u00fbr, respectueux du rythme de chacun et balis\u00e9 par le cadre d\u00e9ontologique de la profession. La qualit\u00e9 de pr\u00e9sence \u00e0 soi et \u00e0 l\u2019autre ouvre un espace pour accueillir pleinement ce qui se vit et se dit. Mon exp\u00e9rience clinique, alli\u00e9e \u00e0 une \u00e9coute intuitive, conjugue rigueur et souplesse. L\u2019authenticit\u00e9 et l\u2019humanit\u00e9 guident chaque rencontre.C\u2019est un espace o\u00f9 les masques peuvent se d\u00e9poser et o\u00f9 chacun est accueilli dans sa v\u00e9rit\u00e9. Je soutiens l\u2019autonomie et la confiance afin que chacun puisse se r\u00e9approprier sa vie, ses choix et suivre ses \u00e9lans profonds avec courage et assise. La bienveillance et la douceur accompagnent le chemin, offrant un cadre apaisant et s\u00e9curisant. Enfin, j\u2019accorde une grande importance \u00e0 l\u2019\u00e9coute et \u00e0 l\u2019ouverture.Toutes les dimensions de l\u2019\u00catre \u2014 corps, \u00e9motions, psych\u00e9, liens familiaux, intuition \u2014 sont reconnues comme des voies pr\u00e9cieuses de compr\u00e9hension et de transformation. \u00ab\u202fLa v\u00e9ritable \u00e9coute est la capacit\u00e9 de se tenir dans le silence, ouvert \u00e0 ce que l&#8217;autre porte.\u202f\u00bb\u2014 Carl Rogers, On Becoming a Person, 1961<\/p>\n","protected":false},"author":1,"featured_media":0,"parent":0,"menu_order":0,"comment_status":"closed","ping_status":"closed","template":"","meta":{"footnotes":""},"class_list":["post-311","page","type-page","status-publish","hentry"],"_links":{"self":[{"href":"https:\/\/www.xaviereguillaume.be\/index.php\/wp-json\/wp\/v2\/pages\/311","targetHints":{"allow":["GET"]}}],"collection":[{"href":"https:\/\/www.xaviereguillaume.be\/index.php\/wp-json\/wp\/v2\/pages"}],"about":[{"href":"https:\/\/www.xaviereguillaume.be\/index.php\/wp-json\/wp\/v2\/types\/page"}],"author":[{"embeddable":true,"href":"https:\/\/www.xaviereguillaume.be\/index.php\/wp-json\/wp\/v2\/users\/1"}],"replies":[{"embeddable":true,"href":"https:\/\/www.xaviereguillaume.be\/index.php\/wp-json\/wp\/v2\/comments?post=311"}],"version-history":[{"count":6,"href":"https:\/\/www.xaviereguillaume.be\/index.php\/wp-json\/wp\/v2\/pages\/311\/revisions"}],"predecessor-version":[{"id":353,"href":"https:\/\/www.xaviereguillaume.be\/index.php\/wp-json\/wp\/v2\/pages\/311\/revisions\/353"}],"wp:attachment":[{"href":"https:\/\/www.xaviereguillaume.be\/index.php\/wp-json\/wp\/v2\/media?parent=311"}],"curies":[{"name":"wp","href":"https:\/\/api.w.org\/{rel}","templated":true}]}}