{"id":308,"date":"2025-08-20T16:10:07","date_gmt":"2025-08-20T14:10:07","guid":{"rendered":"https:\/\/www.xaviereguillaume.be\/?page_id=308"},"modified":"2025-08-20T22:53:38","modified_gmt":"2025-08-20T20:53:38","slug":"les-infos-pratiques","status":"publish","type":"page","link":"https:\/\/www.xaviereguillaume.be\/index.php\/les-infos-pratiques\/","title":{"rendered":"Les informations pratiques"},"content":{"rendered":"\n<figure class=\"wp-block-pullquote\" style=\"margin-top:0;margin-bottom:0\"><blockquote><p>La clart\u00e9 au service du changement.<\/p><\/blockquote><\/figure>\n\n\n\n<p style=\"margin-top:var(--wp--preset--spacing--50);margin-bottom:var(--wp--preset--spacing--50)\"><strong>Dur\u00e9e<\/strong><br>Chaque s\u00e9ance dure environ 45 minutes. La trame et les outils utilis\u00e9s sont \u00e0 mon appr\u00e9ciation, selon ce qui me semble le plus pertinent pour votre accompagnement.<\/p>\n\n\n\n<p style=\"margin-top:var(--wp--preset--spacing--50);margin-bottom:var(--wp--preset--spacing--50)\"><strong>Rendez-vous<\/strong><br>Les s\u00e9ances se prennent uniquement sur rendez\u2011vous, id\u00e9alement via le syst\u00e8me de r\u00e9servation en ligne.<\/p>\n\n\n\n<p style=\"margin-top:var(--wp--preset--spacing--50);margin-bottom:var(--wp--preset--spacing--50)\"><strong>Horaires et ponctualit\u00e9<\/strong><br>Merci d\u2019arriver \u00e0 l\u2019heure, la s\u00e9ance d\u00e9marrant \u00e0 l\u2019heure pr\u00e9vue. Il n\u2019y a pas de salle d\u2019attente. Merci de ne pas venir trop en avance.<\/p>\n\n\n\n<p style=\"margin-top:var(--wp--preset--spacing--50);margin-bottom:var(--wp--preset--spacing--50)\"><strong>Annulation<\/strong><br>Toute s\u00e9ance doit \u00eatre annul\u00e9e au moins 48 heures \u00e0 l\u2019avance. Les s\u00e9ances non annul\u00e9es restent dues.<\/p>\n\n\n\n<p style=\"margin-top:var(--wp--preset--spacing--50);margin-bottom:var(--wp--preset--spacing--50)\"><strong>Paiement<\/strong><br>En esp\u00e8ces ou par virement \u00e0 la fin de chaque s\u00e9ance.<\/p>\n\n\n\n<p style=\"margin-top:var(--wp--preset--spacing--50);margin-bottom:var(--wp--preset--spacing--50)\"><strong>Remboursement<\/strong><br>Les s\u00e9ances peuvent \u00eatre rembours\u00e9es par votre mutuelle selon les conditions de votre contrat.<\/p>\n\n\n\n<p style=\"margin-top:var(--wp--preset--spacing--50);margin-bottom:var(--wp--preset--spacing--50)\"><strong>Cadre et confidentialit\u00e9<\/strong><br>Chaque s\u00e9ance se d\u00e9roule dans un espace confidentiel, respectueux de la d\u00e9ontologie professionnelle.<\/p>\n\n\n\n<p style=\"margin-top:var(--wp--preset--spacing--50);margin-bottom:var(--wp--preset--spacing--50)\"><\/p>\n\n\n\n<p style=\"margin-top:var(--wp--preset--spacing--50);margin-bottom:var(--wp--preset--spacing--50)\"><\/p>\n\n\n\n<p style=\"margin-top:var(--wp--preset--spacing--50);margin-bottom:var(--wp--preset--spacing--50)\"><\/p>\n\n\n\n<p style=\"margin-top:var(--wp--preset--spacing--50);margin-bottom:var(--wp--preset--spacing--50)\"><\/p>\n","protected":false},"excerpt":{"rendered":"<p>La clart\u00e9 au service du changement. Dur\u00e9eChaque s\u00e9ance dure environ 45 minutes. La trame et les outils utilis\u00e9s sont \u00e0 mon appr\u00e9ciation, selon ce qui me semble le plus pertinent pour votre accompagnement. Rendez-vousLes s\u00e9ances se prennent uniquement sur rendez\u2011vous, id\u00e9alement via le syst\u00e8me de r\u00e9servation en ligne. Horaires et ponctualit\u00e9Merci d\u2019arriver \u00e0 l\u2019heure, la s\u00e9ance d\u00e9marrant \u00e0 l\u2019heure pr\u00e9vue. Il n\u2019y a pas de salle d\u2019attente. Merci de ne pas venir trop en avance. AnnulationToute s\u00e9ance doit \u00eatre annul\u00e9e au moins 48 heures \u00e0 l\u2019avance. Les s\u00e9ances non annul\u00e9es restent dues. PaiementEn esp\u00e8ces ou par virement \u00e0 la fin de chaque s\u00e9ance. RemboursementLes s\u00e9ances peuvent \u00eatre rembours\u00e9es par votre mutuelle selon les conditions de votre contrat. Cadre et confidentialit\u00e9Chaque s\u00e9ance se d\u00e9roule dans un espace confidentiel, respectueux de la d\u00e9ontologie professionnelle.<\/p>\n","protected":false},"author":1,"featured_media":0,"parent":0,"menu_order":0,"comment_status":"closed","ping_status":"closed","template":"","meta":{"footnotes":""},"class_list":["post-308","page","type-page","status-publish","hentry"],"_links":{"self":[{"href":"https:\/\/www.xaviereguillaume.be\/index.php\/wp-json\/wp\/v2\/pages\/308","targetHints":{"allow":["GET"]}}],"collection":[{"href":"https:\/\/www.xaviereguillaume.be\/index.php\/wp-json\/wp\/v2\/pages"}],"about":[{"href":"https:\/\/www.xaviereguillaume.be\/index.php\/wp-json\/wp\/v2\/types\/page"}],"author":[{"embeddable":true,"href":"https:\/\/www.xaviereguillaume.be\/index.php\/wp-json\/wp\/v2\/users\/1"}],"replies":[{"embeddable":true,"href":"https:\/\/www.xaviereguillaume.be\/index.php\/wp-json\/wp\/v2\/comments?post=308"}],"version-history":[{"count":8,"href":"https:\/\/www.xaviereguillaume.be\/index.php\/wp-json\/wp\/v2\/pages\/308\/revisions"}],"predecessor-version":[{"id":352,"href":"https:\/\/www.xaviereguillaume.be\/index.php\/wp-json\/wp\/v2\/pages\/308\/revisions\/352"}],"wp:attachment":[{"href":"https:\/\/www.xaviereguillaume.be\/index.php\/wp-json\/wp\/v2\/media?parent=308"}],"curies":[{"name":"wp","href":"https:\/\/api.w.org\/{rel}","templated":true}]}}