{"id":305,"date":"2025-08-20T16:01:29","date_gmt":"2025-08-20T14:01:29","guid":{"rendered":"https:\/\/www.xaviereguillaume.be\/?page_id=305"},"modified":"2025-08-20T22:14:17","modified_gmt":"2025-08-20T20:14:17","slug":"comment-se-deroule-une-seance","status":"publish","type":"page","link":"https:\/\/www.xaviereguillaume.be\/index.php\/comment-se-deroule-une-seance\/","title":{"rendered":"Comment se d\u00e9roule une s\u00e9ance ?"},"content":{"rendered":"\n<figure class=\"wp-block-pullquote\"><blockquote><p>Se d\u00e9poser, explorer et s&#8217;ouvrir \u00e0 ce qui se r\u00e9v\u00e8le.<\/p><\/blockquote><\/figure>\n\n\n\n<p>Chaque s\u00e9ance suit une trame g\u00e9n\u00e9rale, mais je n\u2019applique pas de <strong>protocole fig\u00e9<\/strong> et reste attentive \u00e0 ce qui \u00e9merge pour vous.<\/p>\n\n\n\n<p class=\"has-medium-font-size\" style=\"margin-top:var(--wp--preset--spacing--50);margin-bottom:var(--wp--preset--spacing--50)\">Accueil<\/p>\n\n\n\n<p>Chaque s\u00e9ance commence par un<strong> moment d\u2019accueil<\/strong>, o\u00f9 vous pouvez <strong>partager ce qui vous a amen\u00e9(e)<\/strong> et ce qui s\u2019est v\u00e9cu depuis notre derni\u00e8re rencontre. C\u2019est un temps pour <strong>d\u00e9poser ce qui est pr\u00e9sent<\/strong>, tant physiquement qu\u2019\u00e9motionnellement, et entrer dans l\u2019espace de la s\u00e9ance en toute disponibilit\u00e9.<\/p>\n\n\n\n<p class=\"has-medium-font-size\" style=\"margin-top:var(--wp--preset--spacing--50);margin-bottom:var(--wp--preset--spacing--50)\">Exploration<\/p>\n\n\n\n<p>Nous portons attention \u00e0 vos <strong>\u00e9motions, sensations corporelles, pens\u00e9es, croyances et liens familiaux ou transg\u00e9n\u00e9rationnels<\/strong>. Cet espace permet d\u2019<strong>observer<\/strong>, de <strong>prendre du recul<\/strong> et de <strong>mettre en lumi\u00e8re<\/strong> <strong>ce qui \u00e9merge<\/strong>, avec <strong>bienveillance <\/strong>et <strong>sans jugement<\/strong>.<\/p>\n\n\n\n<p class=\"has-medium-font-size\" style=\"margin-top:var(--wp--preset--spacing--50);margin-bottom:var(--wp--preset--spacing--50)\">Accompagnement<\/p>\n\n\n\n<p>Le c\u0153ur de la s\u00e9ance se d\u00e9ploie \u00e0 travers la <strong>parole<\/strong>, l\u2019<strong>attention au corps<\/strong> et l\u2019<strong>approche symbolique<\/strong>. Ensemble, nous clarifions ce qui a \u00e9t\u00e9 r\u00e9v\u00e9l\u00e9 lors de l\u2019exploration et mobilisons vos <strong>ressources <\/strong>pour soutenir les <strong>transformations et cheminements possibles<\/strong>.<\/p>\n\n\n\n<p class=\"has-medium-font-size\" style=\"margin-top:var(--wp--preset--spacing--50);margin-bottom:var(--wp--preset--spacing--50)\">Int\u00e9gration<\/p>\n\n\n\n<p>En fin de s\u00e9ance, nous revenons sur ce qui a \u00e9merg\u00e9 et accueillons, si besoin, les <strong>\u00e9motions pr\u00e9sentes<\/strong>. La cl\u00f4ture se fait en <strong>douceur<\/strong>, avec la possibilit\u00e9 de d\u00e9finir des <strong>rep\u00e8res concrets<\/strong> \u00e0 appliquer dans le quotidien, en respectant votre <strong>singularit\u00e9 <\/strong>et votre <strong>rythme<\/strong>.<\/p>\n\n\n\n<blockquote class=\"wp-block-quote is-layout-flow wp-block-quote-is-layout-flow\" style=\"margin-top:var(--wp--preset--spacing--60);margin-bottom:var(--wp--preset--spacing--60)\">\n<p style=\"font-size:17px\">\u00ab\u202fL&#8217;audace de croire. Le courage de faire.\u202f\u00bb<br>\u2014 Paulo Coelho, <em>L&#8217;alchimiste,<\/em> 1994<\/p>\n<\/blockquote>\n\n\n\n<p><\/p>\n","protected":false},"excerpt":{"rendered":"<p>Se d\u00e9poser, explorer et s&#8217;ouvrir \u00e0 ce qui se r\u00e9v\u00e8le. Chaque s\u00e9ance suit une trame g\u00e9n\u00e9rale, mais je n\u2019applique pas de protocole fig\u00e9 et reste attentive \u00e0 ce qui \u00e9merge pour vous. Accueil Chaque s\u00e9ance commence par un moment d\u2019accueil, o\u00f9 vous pouvez partager ce qui vous a amen\u00e9(e) et ce qui s\u2019est v\u00e9cu depuis notre derni\u00e8re rencontre. C\u2019est un temps pour d\u00e9poser ce qui est pr\u00e9sent, tant physiquement qu\u2019\u00e9motionnellement, et entrer dans l\u2019espace de la s\u00e9ance en toute disponibilit\u00e9. Exploration Nous portons attention \u00e0 vos \u00e9motions, sensations corporelles, pens\u00e9es, croyances et liens familiaux ou transg\u00e9n\u00e9rationnels. Cet espace permet d\u2019observer, de prendre du recul et de mettre en lumi\u00e8re ce qui \u00e9merge, avec bienveillance et sans jugement. Accompagnement Le c\u0153ur de la s\u00e9ance se d\u00e9ploie \u00e0 travers la parole, l\u2019attention au corps et l\u2019approche symbolique. Ensemble, nous clarifions ce qui a \u00e9t\u00e9 r\u00e9v\u00e9l\u00e9 lors de l\u2019exploration et mobilisons vos ressources pour soutenir les transformations et cheminements possibles. Int\u00e9gration En fin de s\u00e9ance, nous revenons sur ce qui a \u00e9merg\u00e9 et accueillons, si besoin, les \u00e9motions pr\u00e9sentes. La cl\u00f4ture se fait en douceur, avec la possibilit\u00e9 de d\u00e9finir des rep\u00e8res concrets \u00e0 appliquer dans le quotidien, en respectant votre singularit\u00e9 et votre rythme. \u00ab\u202fL&#8217;audace de croire. Le courage de faire.\u202f\u00bb\u2014 Paulo Coelho, L&#8217;alchimiste, 1994<\/p>\n","protected":false},"author":1,"featured_media":0,"parent":0,"menu_order":0,"comment_status":"closed","ping_status":"closed","template":"","meta":{"footnotes":""},"class_list":["post-305","page","type-page","status-publish","hentry"],"_links":{"self":[{"href":"https:\/\/www.xaviereguillaume.be\/index.php\/wp-json\/wp\/v2\/pages\/305","targetHints":{"allow":["GET"]}}],"collection":[{"href":"https:\/\/www.xaviereguillaume.be\/index.php\/wp-json\/wp\/v2\/pages"}],"about":[{"href":"https:\/\/www.xaviereguillaume.be\/index.php\/wp-json\/wp\/v2\/types\/page"}],"author":[{"embeddable":true,"href":"https:\/\/www.xaviereguillaume.be\/index.php\/wp-json\/wp\/v2\/users\/1"}],"replies":[{"embeddable":true,"href":"https:\/\/www.xaviereguillaume.be\/index.php\/wp-json\/wp\/v2\/comments?post=305"}],"version-history":[{"count":15,"href":"https:\/\/www.xaviereguillaume.be\/index.php\/wp-json\/wp\/v2\/pages\/305\/revisions"}],"predecessor-version":[{"id":340,"href":"https:\/\/www.xaviereguillaume.be\/index.php\/wp-json\/wp\/v2\/pages\/305\/revisions\/340"}],"wp:attachment":[{"href":"https:\/\/www.xaviereguillaume.be\/index.php\/wp-json\/wp\/v2\/media?parent=305"}],"curies":[{"name":"wp","href":"https:\/\/api.w.org\/{rel}","templated":true}]}}