{"id":30,"date":"2025-07-23T09:49:05","date_gmt":"2025-07-23T07:49:05","guid":{"rendered":"https:\/\/www.xaviereguillaume.be\/?page_id=30"},"modified":"2025-08-01T15:03:02","modified_gmt":"2025-08-01T13:03:02","slug":"prendre-rendez-vous","status":"publish","type":"page","link":"https:\/\/www.xaviereguillaume.be\/index.php\/prendre-rendez-vous\/","title":{"rendered":"Me contacter"},"content":{"rendered":"\n<figure class=\"wp-block-pullquote\"><blockquote><p>Si vient pour vous le moment de cheminer et si le c\u0153ur vous en dit, je vous accueillerai avec pr\u00e9sence et authenticit\u00e9.<\/p><\/blockquote><\/figure>\n\n\n\n<p>\ud83d\udccd <strong>Adresse du cabinet<\/strong><br>Place de la Rose des Vents 3<br>5030 Gembloux, Belgique<br><\/p>\n\n\n\n<p style=\"margin-top:var(--wp--preset--spacing--60);margin-bottom:var(--wp--preset--spacing--60)\">\u2728 <strong>Consultations uniquement sur rendez-vous.<\/strong><br>\u2728 <strong>Toute s\u00e9ance non annul\u00e9e au moins 48 heures \u00e0 l\u2019avance est due.<\/strong><br>\u2728 <strong>Cabinet situ\u00e9 au 1er \u00e9tage, acc\u00e8s par escalier.<\/strong><\/p>\n\n\n\n<p style=\"margin-top:var(--wp--preset--spacing--50);margin-bottom:var(--wp--preset--spacing--50)\">\ud83d\udcde <strong>T\u00e9l\u00e9phone<\/strong> : 0499 61 03 64<\/p>\n\n\n\n<p style=\"margin-top:var(--wp--preset--spacing--50);margin-bottom:var(--wp--preset--spacing--50)\">\ud83c\udf10 <strong>Prendre rendez-vous en ligne<\/strong> : <a class=\"\" href=\"https:\/\/www.doctoranytime.be\/d\/psychologue\/xaviere-guillaume\">Acc\u00e9der \u00e0 mon agenda<\/a><\/p>\n\n\n\n<p style=\"margin-top:var(--wp--preset--spacing--50);margin-bottom:var(--wp--preset--spacing--50)\">\u2709\ufe0f <strong>Formulaire de contact<\/strong><br><em>(Vous recevrez une confirmation automatique de votre envoi)<\/em><\/p>\n\n\n\n<div class=\"wpcf7 no-js\" id=\"wpcf7-f247-o1\" lang=\"fr-FR\" dir=\"ltr\" data-wpcf7-id=\"247\">\n<div class=\"screen-reader-response\"><p role=\"status\" aria-live=\"polite\" aria-atomic=\"true\"><\/p> <ul><\/ul><\/div>\n<form action=\"\/index.php\/wp-json\/wp\/v2\/pages\/30#wpcf7-f247-o1\" method=\"post\" class=\"wpcf7-form init\" aria-label=\"Formulaire de contact\" novalidate=\"novalidate\" data-status=\"init\">\n<fieldset class=\"hidden-fields-container\"><input type=\"hidden\" name=\"_wpcf7\" value=\"247\" \/><input type=\"hidden\" name=\"_wpcf7_version\" value=\"6.1\" \/><input type=\"hidden\" name=\"_wpcf7_locale\" value=\"fr_FR\" \/><input type=\"hidden\" name=\"_wpcf7_unit_tag\" value=\"wpcf7-f247-o1\" \/><input type=\"hidden\" name=\"_wpcf7_container_post\" value=\"0\" \/><input type=\"hidden\" name=\"_wpcf7_posted_data_hash\" value=\"\" \/>\n<\/fieldset>\n<p><label> Votre nom<br \/>\n<span class=\"wpcf7-form-control-wrap\" data-name=\"your-name\"><input size=\"40\" maxlength=\"400\" class=\"wpcf7-form-control wpcf7-text wpcf7-validates-as-required\" autocomplete=\"name\" aria-required=\"true\" aria-invalid=\"false\" value=\"\" type=\"text\" name=\"your-name\" \/><\/span> <\/label>\n<\/p>\n<p><label> Votre e-mail<br \/>\n<span class=\"wpcf7-form-control-wrap\" data-name=\"your-email\"><input size=\"40\" maxlength=\"400\" class=\"wpcf7-form-control wpcf7-email wpcf7-validates-as-required wpcf7-text wpcf7-validates-as-email\" autocomplete=\"email\" aria-required=\"true\" aria-invalid=\"false\" value=\"\" type=\"email\" name=\"your-email\" \/><\/span> <\/label>\n<\/p>\n<p><label> Objet de votre message<br \/>\n<span class=\"wpcf7-form-control-wrap\" data-name=\"your-subject\"><input size=\"40\" maxlength=\"400\" class=\"wpcf7-form-control wpcf7-text wpcf7-validates-as-required\" aria-required=\"true\" aria-invalid=\"false\" value=\"\" type=\"text\" name=\"your-subject\" \/><\/span> <\/label>\n<\/p>\n<p><label> Votre message (facultatif)<br \/>\n<span class=\"wpcf7-form-control-wrap\" data-name=\"your-message\"><textarea cols=\"40\" rows=\"10\" maxlength=\"2000\" class=\"wpcf7-form-control wpcf7-textarea\" aria-invalid=\"false\" name=\"your-message\"><\/textarea><\/span> <\/label>\n<\/p>\n<p><input class=\"wpcf7-form-control wpcf7-submit has-spinner\" type=\"submit\" value=\"Envoyer\" \/>\n<\/p><div class=\"wpcf7-response-output\" aria-hidden=\"true\"><\/div>\n<\/form>\n<\/div>\n\n\n\n\n<p><\/p>\n\n\n\n<p><\/p>\n\n\n\n<p><\/p>\n\n\n\n<p><\/p>\n","protected":false},"excerpt":{"rendered":"<p>Si vient pour vous le moment de cheminer et si le c\u0153ur vous en dit, je vous accueillerai avec pr\u00e9sence et authenticit\u00e9. \ud83d\udccd Adresse du cabinetPlace de la Rose des Vents 35030 Gembloux, Belgique \u2728 Consultations uniquement sur rendez-vous.\u2728 Toute s\u00e9ance non annul\u00e9e au moins 48 heures \u00e0 l\u2019avance est due.\u2728 Cabinet situ\u00e9 au 1er \u00e9tage, acc\u00e8s par escalier. \ud83d\udcde T\u00e9l\u00e9phone : 0499 61 03 64 \ud83c\udf10 Prendre rendez-vous en ligne : Acc\u00e9der \u00e0 mon agenda \u2709\ufe0f Formulaire de contact(Vous recevrez une confirmation automatique de votre envoi)<\/p>\n","protected":false},"author":1,"featured_media":0,"parent":0,"menu_order":0,"comment_status":"closed","ping_status":"closed","template":"","meta":{"footnotes":""},"class_list":["post-30","page","type-page","status-publish","hentry"],"_links":{"self":[{"href":"https:\/\/www.xaviereguillaume.be\/index.php\/wp-json\/wp\/v2\/pages\/30","targetHints":{"allow":["GET"]}}],"collection":[{"href":"https:\/\/www.xaviereguillaume.be\/index.php\/wp-json\/wp\/v2\/pages"}],"about":[{"href":"https:\/\/www.xaviereguillaume.be\/index.php\/wp-json\/wp\/v2\/types\/page"}],"author":[{"embeddable":true,"href":"https:\/\/www.xaviereguillaume.be\/index.php\/wp-json\/wp\/v2\/users\/1"}],"replies":[{"embeddable":true,"href":"https:\/\/www.xaviereguillaume.be\/index.php\/wp-json\/wp\/v2\/comments?post=30"}],"version-history":[{"count":14,"href":"https:\/\/www.xaviereguillaume.be\/index.php\/wp-json\/wp\/v2\/pages\/30\/revisions"}],"predecessor-version":[{"id":275,"href":"https:\/\/www.xaviereguillaume.be\/index.php\/wp-json\/wp\/v2\/pages\/30\/revisions\/275"}],"wp:attachment":[{"href":"https:\/\/www.xaviereguillaume.be\/index.php\/wp-json\/wp\/v2\/media?parent=30"}],"curies":[{"name":"wp","href":"https:\/\/api.w.org\/{rel}","templated":true}]}}