{"id":248,"date":"2025-08-01T12:13:43","date_gmt":"2025-08-01T10:13:43","guid":{"rendered":"https:\/\/www.xaviereguillaume.be\/?page_id=248"},"modified":"2025-08-13T22:56:15","modified_gmt":"2025-08-13T20:56:15","slug":"lempreinte-de-mon-logo","status":"publish","type":"page","link":"https:\/\/www.xaviereguillaume.be\/index.php\/lempreinte-de-mon-logo\/","title":{"rendered":"L&#8217;empreinte de mon logo"},"content":{"rendered":"<div class=\"wp-block-image\">\n<figure class=\"aligncenter size-full is-resized\"><img loading=\"lazy\" decoding=\"async\" width=\"500\" height=\"500\" src=\"https:\/\/www.xaviereguillaume.be\/wp-content\/uploads\/2025\/08\/logo-widget-gauche.png\" alt=\"\" class=\"wp-image-249\" style=\"width:375px;height:auto\" srcset=\"https:\/\/www.xaviereguillaume.be\/wp-content\/uploads\/2025\/08\/logo-widget-gauche.png 500w, https:\/\/www.xaviereguillaume.be\/wp-content\/uploads\/2025\/08\/logo-widget-gauche-300x300.png 300w, https:\/\/www.xaviereguillaume.be\/wp-content\/uploads\/2025\/08\/logo-widget-gauche-150x150.png 150w, https:\/\/www.xaviereguillaume.be\/wp-content\/uploads\/2025\/08\/logo-widget-gauche-75x75.png 75w\" sizes=\"auto, (max-width: 500px) 100vw, 500px\" \/><\/figure>\n<\/div>\n\n\n<figure class=\"wp-block-pullquote has-medium-font-size\"><blockquote><p><em>Accueillir sans lutter, honorer sans juger, <\/em><br><em>r\u00e9v\u00e9ler ce qui est et laisser \u00e9clore notre essence.<\/em><\/p><\/blockquote><\/figure>\n\n\n\n<p style=\"margin-top:var(--wp--preset--spacing--60);margin-bottom:var(--wp--preset--spacing--60)\">\u00c0 travers ce logo, j&#8217;ai voulu cr\u00e9er une <strong>empreinte vivante<\/strong>, un <strong>symbole <\/strong>qui raconte \u00e0 la fois le lien, l&#8217;ancrage et la transformation int\u00e9rieure.<\/p>\n\n\n\n<p class=\"has-medium-font-size\" style=\"margin-top:var(--wp--preset--spacing--60);margin-bottom:var(--wp--preset--spacing--60)\">Le triquetra celtique : corps, esprit et \u00e2me<\/p>\n\n\n\n<p>Inspir\u00e9 du <strong>triquetra<\/strong>, ancien symbole celtique, il \u00e9voque l\u2019union entre <strong>corps, esprit et \u00e2me<\/strong>.<br>Il illustre \u00e9galement la r\u00e9union du <strong>pass\u00e9, pr\u00e9sent et futur<\/strong>, o\u00f9 l\u2019h\u00e9ritage transg\u00e9n\u00e9rationnel, ses dynamiques et loyaut\u00e9s invisibles nous habitent.<\/p>\n\n\n\n<p>Les trois ovales en forme de visage qui se succ\u00e8dent rendent hommage aux g\u00e9n\u00e9rations pass\u00e9es et \u00e0 ce qui cherche \u00e0 se d\u00e9voiler ici et maintenant gr\u00e2ce \u00e0 l\u2019outil des <strong><a href=\"https:\/\/www.xaviereguillaume.be\/index.php\/les-constellations-familiales\/\" data-type=\"page\" data-id=\"124\">constellations familiales<\/a><\/strong>.<\/p>\n\n\n\n<p class=\"has-medium-font-size\" style=\"margin-top:var(--wp--preset--spacing--60);margin-bottom:var(--wp--preset--spacing--60)\">La source de vie et alchimie int\u00e9rieure<\/p>\n\n\n\n<p>Au centre, un ovale plus petit incarne la <strong>source de vie<\/strong> et l\u2019<strong>\u00e9nergie cr\u00e9atrice<\/strong> nich\u00e9e au creux du bassin.<br>Il parle de transformation intime, de mort symbolique et de renaissance int\u00e9rieure.<\/p>\n\n\n\n<p class=\"has-medium-font-size\" style=\"margin-top:var(--wp--preset--spacing--60);margin-bottom:var(--wp--preset--spacing--60)\">L\u2019axe vertical : entre ciel et terre<\/p>\n\n\n\n<p>L\u2019axe vertical relie <strong>ciel et terre<\/strong> : les lignes qui s\u2019ancrent vers le bas symbolisent la <strong>stabilit\u00e9<\/strong> et la <strong>force d\u2019enracinement<\/strong>,<br>tandis que la posture m\u00e9ditative au centre ouvre \u00e0 la <strong>fluidit\u00e9<\/strong> et \u00e0 l\u2019<strong>\u00e9l\u00e9vation<\/strong>.<\/p>\n\n\n\n<p class=\"has-medium-font-size\" style=\"margin-top:var(--wp--preset--spacing--60);margin-bottom:var(--wp--preset--spacing--60)\">Le f\u00e9minin sacr\u00e9 et la douceur<\/p>\n\n\n\n<p>Les ailes de <strong>magnolia<\/strong> entourent ce mouvement et repr\u00e9sentent, dans la culture chinoise, le <strong>f\u00e9minin <\/strong>et le <strong>Yin<\/strong>.<br>La pr\u00e9sence fleurie en arri\u00e8re-plan rappelle la <strong>m\u00e9decine de la rose<\/strong>, m\u00e9decine du c\u0153ur qui <strong>apaise<\/strong>, <strong>accueille <\/strong>et <strong>transmute<\/strong>.<\/p>\n\n\n\n<p class=\"has-medium-font-size\" style=\"margin-top:var(--wp--preset--spacing--60);margin-bottom:var(--wp--preset--spacing--60)\">Lumi\u00e8re et ombre : embrasser toutes nos facettes<\/p>\n\n\n\n<p>Enfin, la <strong>lune<\/strong> et le <strong>soleil<\/strong> s\u2019unissent dans une <strong>danse <\/strong>de lumi\u00e8re et d\u2019ombre, embrassant les <strong>blessures <\/strong>pour nous inviter \u00e0 y d\u00e9poser un <strong>baume apaisant<\/strong>, <strong>r\u00e9conciliant <\/strong>et acc\u00e9der \u00e0 une <strong>harmonie <\/strong>profonde.<\/p>\n\n\n\n<blockquote class=\"wp-block-quote is-layout-flow wp-block-quote-is-layout-flow\" style=\"font-size:17px\">\n<p style=\"margin-top:var(--wp--preset--spacing--60);margin-bottom:var(--wp--preset--spacing--60)\">Ce logo est ainsi le reflet de ma pratique\u202f: accompagner chaque \u00eatre dans la reconnexion \u00e0 soi, dans l\u2019accueil de ce qui est et dans la transformation int\u00e9rieure.<\/p>\n<\/blockquote>\n\n\n\n<p><\/p>\n","protected":false},"excerpt":{"rendered":"<p>Accueillir sans lutter, honorer sans juger, r\u00e9v\u00e9ler ce qui est et laisser \u00e9clore notre essence. \u00c0 travers ce logo, j&#8217;ai voulu cr\u00e9er une empreinte vivante, un symbole qui raconte \u00e0 la fois le lien, l&#8217;ancrage et la transformation int\u00e9rieure. Le triquetra celtique : corps, esprit et \u00e2me Inspir\u00e9 du triquetra, ancien symbole celtique, il \u00e9voque l\u2019union entre corps, esprit et \u00e2me.Il illustre \u00e9galement la r\u00e9union du pass\u00e9, pr\u00e9sent et futur, o\u00f9 l\u2019h\u00e9ritage transg\u00e9n\u00e9rationnel, ses dynamiques et loyaut\u00e9s invisibles nous habitent. Les trois ovales en forme de visage qui se succ\u00e8dent rendent hommage aux g\u00e9n\u00e9rations pass\u00e9es et \u00e0 ce qui cherche \u00e0 se d\u00e9voiler ici et maintenant gr\u00e2ce \u00e0 l\u2019outil des constellations familiales. La source de vie et alchimie int\u00e9rieure Au centre, un ovale plus petit incarne la source de vie et l\u2019\u00e9nergie cr\u00e9atrice nich\u00e9e au creux du bassin.Il parle de transformation intime, de mort symbolique et de renaissance int\u00e9rieure. L\u2019axe vertical : entre ciel et terre L\u2019axe vertical relie ciel et terre : les lignes qui s\u2019ancrent vers le bas symbolisent la stabilit\u00e9 et la force d\u2019enracinement,tandis que la posture m\u00e9ditative au centre ouvre \u00e0 la fluidit\u00e9 et \u00e0 l\u2019\u00e9l\u00e9vation. Le f\u00e9minin sacr\u00e9 et la douceur Les ailes de magnolia entourent ce mouvement et repr\u00e9sentent, dans la culture chinoise, le f\u00e9minin et le Yin.La pr\u00e9sence fleurie en arri\u00e8re-plan rappelle la m\u00e9decine de la rose, m\u00e9decine du c\u0153ur qui apaise, accueille et transmute. Lumi\u00e8re et ombre : embrasser toutes nos facettes Enfin, la lune et le soleil s\u2019unissent dans une danse de lumi\u00e8re et d\u2019ombre, embrassant les blessures pour nous inviter \u00e0 y d\u00e9poser un baume apaisant, r\u00e9conciliant et acc\u00e9der \u00e0 une harmonie profonde. Ce logo est ainsi le reflet de ma pratique\u202f: accompagner chaque \u00eatre dans la reconnexion \u00e0 soi, dans l\u2019accueil de ce qui est et dans la transformation int\u00e9rieure.<\/p>\n","protected":false},"author":1,"featured_media":0,"parent":0,"menu_order":0,"comment_status":"closed","ping_status":"closed","template":"","meta":{"footnotes":""},"class_list":["post-248","page","type-page","status-publish","hentry"],"_links":{"self":[{"href":"https:\/\/www.xaviereguillaume.be\/index.php\/wp-json\/wp\/v2\/pages\/248","targetHints":{"allow":["GET"]}}],"collection":[{"href":"https:\/\/www.xaviereguillaume.be\/index.php\/wp-json\/wp\/v2\/pages"}],"about":[{"href":"https:\/\/www.xaviereguillaume.be\/index.php\/wp-json\/wp\/v2\/types\/page"}],"author":[{"embeddable":true,"href":"https:\/\/www.xaviereguillaume.be\/index.php\/wp-json\/wp\/v2\/users\/1"}],"replies":[{"embeddable":true,"href":"https:\/\/www.xaviereguillaume.be\/index.php\/wp-json\/wp\/v2\/comments?post=248"}],"version-history":[{"count":12,"href":"https:\/\/www.xaviereguillaume.be\/index.php\/wp-json\/wp\/v2\/pages\/248\/revisions"}],"predecessor-version":[{"id":294,"href":"https:\/\/www.xaviereguillaume.be\/index.php\/wp-json\/wp\/v2\/pages\/248\/revisions\/294"}],"wp:attachment":[{"href":"https:\/\/www.xaviereguillaume.be\/index.php\/wp-json\/wp\/v2\/media?parent=248"}],"curies":[{"name":"wp","href":"https:\/\/api.w.org\/{rel}","templated":true}]}}