{"id":22,"date":"2025-07-23T09:47:56","date_gmt":"2025-07-23T07:47:56","guid":{"rendered":"https:\/\/www.xaviereguillaume.be\/?page_id=22"},"modified":"2025-08-20T21:39:18","modified_gmt":"2025-08-20T19:39:18","slug":"mon-approche","status":"publish","type":"page","link":"https:\/\/www.xaviereguillaume.be\/index.php\/mon-approche\/","title":{"rendered":"Mon approche : C\u0153ur- Corps &#8211; Psych\u00e9"},"content":{"rendered":"\n<figure class=\"wp-block-pullquote\" style=\"font-size:18px\"><blockquote><p>J\u2019accompagne<strong> <\/strong>aujourd\u2019hui<strong> des personnes <\/strong>dans un chemin de<strong> transformation int\u00e9rieure<\/strong>, au sein d\u2019un espace th\u00e9rapeutique qui honore toutes les dimensions de l\u2019\u00catre :<\/p><cite><em>corporelle, \u00e9motionnelle, intuitive et transg\u00e9n\u00e9rationnelle.<\/em><\/cite><\/blockquote><\/figure>\n\n\n\n<p class=\"has-text-align-left has-medium-font-size\" style=\"margin-top:var(--wp--preset--spacing--60);margin-bottom:var(--wp--preset--spacing--60)\">Ma posture :<\/p>\n\n\n\n<p>C\u2019est en allant \u00e0 la rencontre de mon propre monde int\u00e9rieur, en d\u00e9posant mes masques, mes h\u00e9ritages et ce qui ne m\u2019appartient pas, que je peux offrir \u00e0 l\u2019autre une pr\u00e9sence pleinement authentique et disponible.<br>Cette posture s\u2019incarne dans l\u2019accueil simple et vrai de ce qui est, sans masque ni savoir \u00e0 imposer.<\/p>\n\n\n\n<blockquote class=\"wp-block-quote is-layout-flow wp-block-quote-is-layout-flow\" style=\"font-size:17px\">\n<p style=\"margin-top:var(--wp--preset--spacing--60);margin-bottom:var(--wp--preset--spacing--60);font-size:17px\">\u00ab\u202fConnais toutes les th\u00e9ories, ma\u00eetrise toutes les techniques,<br>mais en touchant une \u00e2me humaine, sois juste une autre \u00e2me humaine.\u202f\u00bb<br>\u2014 Carl Gustav Jung, <em>Man and His Symbols<\/em>, 1964<\/p>\n<\/blockquote>\n\n\n\n<p>Les connaissances, les th\u00e9ories et les techniques sont de pr\u00e9cieux appuis. Mais ce qui m\u2019habite profond\u00e9ment, c\u2019est la certitude que <strong>la transformation na\u00eet de la qualit\u00e9 de pr\u00e9sence<\/strong>. Dans cette rencontre humaine, au-del\u00e0 des masques, quelque chose peut enfin se d\u00e9poser, se lib\u00e9rer, et se r\u00e9organiser de l\u2019int\u00e9rieur.<br>Ma posture s\u2019est forg\u00e9e au fil de plus de dix ans d\u2019exp\u00e9rience en institutions. Elle conjugue <strong>la profondeur du ressenti, la rigueur de l\u2019\u00e9coute clinique et l\u2019ouverture intuitive \u00e0 ce qui se pr\u00e9sente<\/strong> \u2014 dans le corps, le lien et l\u2019histoire de chacune.<\/p>\n\n\n\n<p class=\"has-medium-font-size\" style=\"margin-top:var(--wp--preset--spacing--60);margin-bottom:var(--wp--preset--spacing--60)\">Mon intention et ma pratique<\/p>\n\n\n\n<p>Ma pratique s\u2019enracine dans la <strong>psychologie symbolique<\/strong>, la <strong>sagesse du corps<\/strong>, et une <strong>\u00e9coute vivante<\/strong>, en dehors de tout protocole fig\u00e9. <\/p>\n\n\n\n<p>Si la qualit\u00e9 de pr\u00e9sence est le c\u0153ur de mon accompagnement, je continue de<strong> nourrir ma posture <\/strong>par des formations r\u00e9guli\u00e8res. Je suis actuellement en formation en <strong><a href=\"https:\/\/www.xaviereguillaume.be\/index.php\/les-constellations-familiales\/\" data-type=\"page\" data-id=\"124\">constellations familiales<\/a><\/strong>, reconnue par la <strong><a href=\"https:\/\/www.cofasy.org\/\" data-type=\"link\" data-id=\"https:\/\/www.cofasy.org\/\">Cofasy<\/a><\/strong>, un outil puissant qui \u00e9claire les dynamiques invisibles et soutient les processus de transformation int\u00e9rieure.<br>Mon intention profonde est d\u2019accompagner chacun, dans la <strong>douceur et la s\u00e9curit\u00e9<\/strong>, vers sa propre <strong>alchimie int\u00e9rieure<\/strong> : <em>un mouvement de r\u00e9appropriation, de pacification et de libert\u00e9 d\u2019\u00catre.<\/em><\/p>\n\n\n\n<p class=\"has-medium-font-size\" style=\"margin-top:var(--wp--preset--spacing--60);margin-bottom:var(--wp--preset--spacing--60)\">Les personnes que j\u2019accompagne peuvent traverser :<\/p>\n\n\n\n<p>\u2665  des questionnements existentiels ou identitaires,<br>\u2665  des p\u00e9riodes de transition ou de crise (naissance, s\u00e9paration, deuil, reconversion\u2026),<br>\u2665  de l\u2019anxi\u00e9t\u00e9, du stress, une fatigue psychique ou physique,<br>\u2665  des sch\u00e9mas relationnels r\u00e9p\u00e9titifs,<br>\u2665  des difficult\u00e9s li\u00e9es \u00e0 l\u2019estime de soi, \u00e0 la culpabilit\u00e9 ou \u00e0 un sentiment d\u2019ill\u00e9gitimit\u00e9,<br>\u2665  une hypersensibilit\u00e9 ou le sentiment d\u2019\u00eatre \u00ab\u202fen d\u00e9calage\u202f\u00bb,<br>\u2665  etc.<\/p>\n\n\n\n<p class=\"has-medium-font-size\" style=\"margin-top:var(--wp--preset--spacing--60);margin-bottom:var(--wp--preset--spacing--60)\">Ce que vous trouverez dans mon accompagnement :<\/p>\n\n\n\n<p>\u2665  <strong>Une \u00e9coute incarn\u00e9e<\/strong>\u202f: qui accueille la parole, le corps, les \u00e9motions et les silences.<br>\u2665  <strong>Une pr\u00e9sence ajust\u00e9e<\/strong>\u202f: ancr\u00e9e dans la relation, non jugeante et humaine.<br>\u2665  <strong>Un accompagnement unique<\/strong>\u202f: respectueux du rythme et du v\u00e9cu de chacune.<br>\u2665  <strong>Un regard global<\/strong>\u202f: qui relie parcours, corps, liens familiaux et contexte de vie.<br>\u2665  <strong>Un soutien vers plus de clart\u00e9 et d\u2019apaisement\u202f<\/strong>: qui favorise la transformation int\u00e9rieure.<\/p>\n","protected":false},"excerpt":{"rendered":"<p>J\u2019accompagne aujourd\u2019hui des personnes dans un chemin de transformation int\u00e9rieure, au sein d\u2019un espace th\u00e9rapeutique qui honore toutes les dimensions de l\u2019\u00catre : corporelle, \u00e9motionnelle, intuitive et transg\u00e9n\u00e9rationnelle. Ma posture : C\u2019est en allant \u00e0 la rencontre de mon propre monde int\u00e9rieur, en d\u00e9posant mes masques, mes h\u00e9ritages et ce qui ne m\u2019appartient pas, que je peux offrir \u00e0 l\u2019autre une pr\u00e9sence pleinement authentique et disponible.Cette posture s\u2019incarne dans l\u2019accueil simple et vrai de ce qui est, sans masque ni savoir \u00e0 imposer. \u00ab\u202fConnais toutes les th\u00e9ories, ma\u00eetrise toutes les techniques,mais en touchant une \u00e2me humaine, sois juste une autre \u00e2me humaine.\u202f\u00bb\u2014 Carl Gustav Jung, Man and His Symbols, 1964 Les connaissances, les th\u00e9ories et les techniques sont de pr\u00e9cieux appuis. Mais ce qui m\u2019habite profond\u00e9ment, c\u2019est la certitude que la transformation na\u00eet de la qualit\u00e9 de pr\u00e9sence. Dans cette rencontre humaine, au-del\u00e0 des masques, quelque chose peut enfin se d\u00e9poser, se lib\u00e9rer, et se r\u00e9organiser de l\u2019int\u00e9rieur.Ma posture s\u2019est forg\u00e9e au fil de plus de dix ans d\u2019exp\u00e9rience en institutions. Elle conjugue la profondeur du ressenti, la rigueur de l\u2019\u00e9coute clinique et l\u2019ouverture intuitive \u00e0 ce qui se pr\u00e9sente \u2014 dans le corps, le lien et l\u2019histoire de chacune. Mon intention et ma pratique Ma pratique s\u2019enracine dans la psychologie symbolique, la sagesse du corps, et une \u00e9coute vivante, en dehors de tout protocole fig\u00e9. Si la qualit\u00e9 de pr\u00e9sence est le c\u0153ur de mon accompagnement, je continue de nourrir ma posture par des formations r\u00e9guli\u00e8res. Je suis actuellement en formation en constellations familiales, reconnue par la Cofasy, un outil puissant qui \u00e9claire les dynamiques invisibles et soutient les processus de transformation int\u00e9rieure.Mon intention profonde est d\u2019accompagner chacun, dans la douceur et la s\u00e9curit\u00e9, vers sa propre alchimie int\u00e9rieure : un mouvement de r\u00e9appropriation, de pacification et de libert\u00e9 d\u2019\u00catre. Les personnes que j\u2019accompagne peuvent traverser : \u2665 des questionnements existentiels ou identitaires,\u2665 des p\u00e9riodes de transition ou de crise (naissance, s\u00e9paration, deuil, reconversion\u2026),\u2665 de l\u2019anxi\u00e9t\u00e9, du stress, une fatigue psychique ou physique,\u2665 des sch\u00e9mas relationnels r\u00e9p\u00e9titifs,\u2665 des difficult\u00e9s li\u00e9es \u00e0 l\u2019estime de soi, \u00e0 la culpabilit\u00e9 ou \u00e0 un sentiment d\u2019ill\u00e9gitimit\u00e9,\u2665 une hypersensibilit\u00e9 ou le sentiment d\u2019\u00eatre \u00ab\u202fen d\u00e9calage\u202f\u00bb,\u2665 etc. Ce que vous trouverez dans mon accompagnement : \u2665 Une \u00e9coute incarn\u00e9e\u202f: qui accueille la parole, le corps, les \u00e9motions et les silences.\u2665 Une pr\u00e9sence ajust\u00e9e\u202f: ancr\u00e9e dans la relation, non jugeante et humaine.\u2665 Un accompagnement unique\u202f: respectueux du rythme et du v\u00e9cu de chacune.\u2665 Un regard global\u202f: qui relie parcours, corps, liens familiaux et contexte de vie.\u2665 Un soutien vers plus de clart\u00e9 et d\u2019apaisement\u202f: qui favorise la transformation int\u00e9rieure.<\/p>\n","protected":false},"author":1,"featured_media":0,"parent":0,"menu_order":0,"comment_status":"closed","ping_status":"closed","template":"","meta":{"footnotes":""},"class_list":["post-22","page","type-page","status-publish","hentry"],"_links":{"self":[{"href":"https:\/\/www.xaviereguillaume.be\/index.php\/wp-json\/wp\/v2\/pages\/22","targetHints":{"allow":["GET"]}}],"collection":[{"href":"https:\/\/www.xaviereguillaume.be\/index.php\/wp-json\/wp\/v2\/pages"}],"about":[{"href":"https:\/\/www.xaviereguillaume.be\/index.php\/wp-json\/wp\/v2\/types\/page"}],"author":[{"embeddable":true,"href":"https:\/\/www.xaviereguillaume.be\/index.php\/wp-json\/wp\/v2\/users\/1"}],"replies":[{"embeddable":true,"href":"https:\/\/www.xaviereguillaume.be\/index.php\/wp-json\/wp\/v2\/comments?post=22"}],"version-history":[{"count":49,"href":"https:\/\/www.xaviereguillaume.be\/index.php\/wp-json\/wp\/v2\/pages\/22\/revisions"}],"predecessor-version":[{"id":321,"href":"https:\/\/www.xaviereguillaume.be\/index.php\/wp-json\/wp\/v2\/pages\/22\/revisions\/321"}],"wp:attachment":[{"href":"https:\/\/www.xaviereguillaume.be\/index.php\/wp-json\/wp\/v2\/media?parent=22"}],"curies":[{"name":"wp","href":"https:\/\/api.w.org\/{rel}","templated":true}]}}