{"id":20,"date":"2025-07-23T09:47:31","date_gmt":"2025-07-23T07:47:31","guid":{"rendered":"https:\/\/www.xaviereguillaume.be\/?page_id=20"},"modified":"2025-08-20T22:44:33","modified_gmt":"2025-08-20T20:44:33","slug":"a-propos","status":"publish","type":"page","link":"https:\/\/www.xaviereguillaume.be\/index.php\/a-propos\/","title":{"rendered":"Mon chemin"},"content":{"rendered":"\n<figure class=\"wp-block-pullquote\" style=\"font-size:17px\"><blockquote><p><em>\u202fL\u2019alliance de l\u2019\u00e9coute clinique et intuitive\u202f<\/em>.<\/p><\/blockquote><\/figure>\n\n\n\n<p>Mon parcours se tisse entre exp\u00e9rience professionnelle et cheminement personnel.<br>Ces deux dimensions, indissociables, fondent et nourrissent quotidiennement ma posture de psychologue et ma mani\u00e8re d\u2019accompagner chacun dans sa transformation int\u00e9rieure.<\/p>\n\n\n\n<p class=\"has-medium-font-size\" style=\"margin-top:var(--wp--preset--spacing--60);margin-bottom:var(--wp--preset--spacing--60)\">Mon chemin professionnel<\/p>\n\n\n\n<p class=\"has-text-align-left\">Dipl\u00f4m\u00e9e de l\u2019<strong>UCL<\/strong> en <em>2011<\/em>, j\u2019ai exerc\u00e9 plus de <strong>dix ans<\/strong> dans des contextes institutionnels exigeants :<br>d\u2019abord au sein d\u2019un service mandat\u00e9 par l\u2019<strong>aide \u00e0 la jeunesse<\/strong> pendant sept ann\u00e9es, puis en centres <strong>P.M.S.<\/strong>, notamment durant la crise sanitaire.<\/p>\n\n\n\n<p class=\"has-text-align-left\">Ce parcours, \u00e0 la fois exigeant et profond\u00e9ment humain, m\u2019a offert une compr\u00e9hension fine du <strong>lien<\/strong>, des <strong>dynamiques relationnelles<\/strong>, des <strong>syst\u00e8mes familiaux<\/strong> et de leurs <strong>r\u00e9p\u00e9titions inconscientes<\/strong>.<br>J\u2019ai \u00e9galement appris \u00e0 entendre ce qui se joue derri\u00e8re les mots, dans les <em>silences<\/em> et les mouvements subtils du corps.<\/p>\n\n\n\n<p class=\"has-text-align-left\">Peu \u00e0 peu, la question du <strong>sens<\/strong> s\u2019est impos\u00e9e, ainsi que le d\u00e9sir d\u2019\u0153uvrer autrement, dans une d\u00e9marche de <strong>pr\u00e9vention<\/strong> et d\u2019<strong>ouverture \u00e0 la conscience de soi<\/strong> et des <strong>h\u00e9ritages familiaux<\/strong>. Aujourd\u2019hui, je propose un accompagnement en <strong>cabinet priv\u00e9<\/strong>, dans un espace <strong>intime<\/strong> et <strong>s\u00e9curisant<\/strong> o\u00f9 chaque femme peut se d\u00e9poser, \u00e9couter ses <strong>ressentis<\/strong> et cheminer \u00e0 son propre rythme vers plus de <strong>libert\u00e9 int\u00e9rieure<\/strong> et de <strong>coh\u00e9rence<\/strong>.<\/p>\n\n\n\n<p class=\"has-medium-font-size\" style=\"margin-top:var(--wp--preset--spacing--60);margin-bottom:var(--wp--preset--spacing--60)\">Mon chemin personnel<\/p>\n\n\n\n<p>Mon accompagnement s\u2019est profond\u00e9ment nourri d\u2019un travail analytique personnel : une <strong>psychanalyse de douze ans<\/strong> qui a transform\u00e9 mon regard et structur\u00e9 ma mani\u00e8re de d\u00e9coder.<br>Cette exp\u00e9rience constitue encore aujourd\u2019hui un <strong>socle essentiel<\/strong> dans ma posture de psychologue clinicienne.<\/p>\n\n\n\n<p>Par la suite, la dimension <strong>\u00e9nerg\u00e9tique<\/strong> et <strong>spirituelle<\/strong> s\u2019est ouverte \u00e0 moi.<br>\u00c0 travers un processus de <strong>d\u00e9conditionnement<\/strong> et de <strong>d\u00e9construction<\/strong> des syst\u00e8mes de croyances, un juste \u00e9quilibre entre les dimensions <strong>corporelle<\/strong>, <strong>intuitive<\/strong>, <strong>transg\u00e9n\u00e9rationnelle<\/strong> et <strong>psychique<\/strong> a pu \u00e9merger, transformant \u00e0 nouveau profond\u00e9ment mon rapport au monde.<\/p>\n\n\n\n<p>Le voyage int\u00e9rieur nous accompagne chaque jour.<br>Il nous invite \u00e0 accueillir avec <strong>courage<\/strong> et <strong>bienveillance<\/strong> nos <strong>blessures<\/strong>, \u00e0 les regarder et \u00e0 y d\u00e9poser un <strong>baume apaisant<\/strong>.<br>Cette conscience m\u2019habite et fonde ma posture, empreinte d\u2019<strong>humilit\u00e9<\/strong> et de <strong>respect<\/strong> pour chaque cheminement individuel.<\/p>\n\n\n\n<p>C\u2019est pourquoi je poursuis cette <strong>\u00e9coute int\u00e9rieure<\/strong> et m\u2019engage \u00e0 nourrir mon propre chemin quotidiennement.<\/p>\n\n\n\n<p>Cette posture humble et authentique m\u2019a conduite \u00e0 la formation en <strong><a href=\"https:\/\/www.xaviereguillaume.be\/index.php\/les-constellations-familiales\/\" data-type=\"page\" data-id=\"124\">constellations familiales<\/a><\/strong>, un outil pr\u00e9cieux pour r\u00e9v\u00e9ler les liens invisibles qui fa\u00e7onnent nos histoires et offrir un espace d\u2019exploration et de transformation profondes.<\/p>\n","protected":false},"excerpt":{"rendered":"<p>\u202fL\u2019alliance de l\u2019\u00e9coute clinique et intuitive\u202f. Mon parcours se tisse entre exp\u00e9rience professionnelle et cheminement personnel.Ces deux dimensions, indissociables, fondent et nourrissent quotidiennement ma posture de psychologue et ma mani\u00e8re d\u2019accompagner chacun dans sa transformation int\u00e9rieure. Mon chemin professionnel Dipl\u00f4m\u00e9e de l\u2019UCL en 2011, j\u2019ai exerc\u00e9 plus de dix ans dans des contextes institutionnels exigeants :d\u2019abord au sein d\u2019un service mandat\u00e9 par l\u2019aide \u00e0 la jeunesse pendant sept ann\u00e9es, puis en centres P.M.S., notamment durant la crise sanitaire. Ce parcours, \u00e0 la fois exigeant et profond\u00e9ment humain, m\u2019a offert une compr\u00e9hension fine du lien, des dynamiques relationnelles, des syst\u00e8mes familiaux et de leurs r\u00e9p\u00e9titions inconscientes.J\u2019ai \u00e9galement appris \u00e0 entendre ce qui se joue derri\u00e8re les mots, dans les silences et les mouvements subtils du corps. Peu \u00e0 peu, la question du sens s\u2019est impos\u00e9e, ainsi que le d\u00e9sir d\u2019\u0153uvrer autrement, dans une d\u00e9marche de pr\u00e9vention et d\u2019ouverture \u00e0 la conscience de soi et des h\u00e9ritages familiaux. Aujourd\u2019hui, je propose un accompagnement en cabinet priv\u00e9, dans un espace intime et s\u00e9curisant o\u00f9 chaque femme peut se d\u00e9poser, \u00e9couter ses ressentis et cheminer \u00e0 son propre rythme vers plus de libert\u00e9 int\u00e9rieure et de coh\u00e9rence. Mon chemin personnel Mon accompagnement s\u2019est profond\u00e9ment nourri d\u2019un travail analytique personnel : une psychanalyse de douze ans qui a transform\u00e9 mon regard et structur\u00e9 ma mani\u00e8re de d\u00e9coder.Cette exp\u00e9rience constitue encore aujourd\u2019hui un socle essentiel dans ma posture de psychologue clinicienne. Par la suite, la dimension \u00e9nerg\u00e9tique et spirituelle s\u2019est ouverte \u00e0 moi.\u00c0 travers un processus de d\u00e9conditionnement et de d\u00e9construction des syst\u00e8mes de croyances, un juste \u00e9quilibre entre les dimensions corporelle, intuitive, transg\u00e9n\u00e9rationnelle et psychique a pu \u00e9merger, transformant \u00e0 nouveau profond\u00e9ment mon rapport au monde. Le voyage int\u00e9rieur nous accompagne chaque jour.Il nous invite \u00e0 accueillir avec courage et bienveillance nos blessures, \u00e0 les regarder et \u00e0 y d\u00e9poser un baume apaisant.Cette conscience m\u2019habite et fonde ma posture, empreinte d\u2019humilit\u00e9 et de respect pour chaque cheminement individuel. C\u2019est pourquoi je poursuis cette \u00e9coute int\u00e9rieure et m\u2019engage \u00e0 nourrir mon propre chemin quotidiennement. Cette posture humble et authentique m\u2019a conduite \u00e0 la formation en constellations familiales, un outil pr\u00e9cieux pour r\u00e9v\u00e9ler les liens invisibles qui fa\u00e7onnent nos histoires et offrir un espace d\u2019exploration et de transformation profondes.<\/p>\n","protected":false},"author":1,"featured_media":0,"parent":0,"menu_order":0,"comment_status":"closed","ping_status":"closed","template":"","meta":{"footnotes":""},"class_list":["post-20","page","type-page","status-publish","hentry"],"_links":{"self":[{"href":"https:\/\/www.xaviereguillaume.be\/index.php\/wp-json\/wp\/v2\/pages\/20","targetHints":{"allow":["GET"]}}],"collection":[{"href":"https:\/\/www.xaviereguillaume.be\/index.php\/wp-json\/wp\/v2\/pages"}],"about":[{"href":"https:\/\/www.xaviereguillaume.be\/index.php\/wp-json\/wp\/v2\/types\/page"}],"author":[{"embeddable":true,"href":"https:\/\/www.xaviereguillaume.be\/index.php\/wp-json\/wp\/v2\/users\/1"}],"replies":[{"embeddable":true,"href":"https:\/\/www.xaviereguillaume.be\/index.php\/wp-json\/wp\/v2\/comments?post=20"}],"version-history":[{"count":21,"href":"https:\/\/www.xaviereguillaume.be\/index.php\/wp-json\/wp\/v2\/pages\/20\/revisions"}],"predecessor-version":[{"id":351,"href":"https:\/\/www.xaviereguillaume.be\/index.php\/wp-json\/wp\/v2\/pages\/20\/revisions\/351"}],"wp:attachment":[{"href":"https:\/\/www.xaviereguillaume.be\/index.php\/wp-json\/wp\/v2\/media?parent=20"}],"curies":[{"name":"wp","href":"https:\/\/api.w.org\/{rel}","templated":true}]}}