{"id":17,"date":"2025-07-23T09:39:27","date_gmt":"2025-07-23T07:39:27","guid":{"rendered":"https:\/\/www.xaviereguillaume.be\/?page_id=17"},"modified":"2025-09-30T12:08:21","modified_gmt":"2025-09-30T10:08:21","slug":"accueil","status":"publish","type":"page","link":"https:\/\/www.xaviereguillaume.be\/","title":{"rendered":"Bienvenue"},"content":{"rendered":"\n<figure class=\"wp-block-pullquote has-medium-font-size\"><blockquote><p><\/p><\/blockquote><\/figure>\n\n\n\n<p>Je suis <strong>Xavi\u00e8re Guillaume<\/strong>, <strong>psychologue clinicienne<\/strong> depuis 2011. Riche de plus de dix ans d\u2019exp\u00e9rience en institutions, je vous re\u00e7ois aujourd\u2019hui sur rendez-vous en consultations priv\u00e9es \u00e0 <strong>Gembloux<\/strong>, dans un espace accueillant au sein de mon domicile.<\/p>\n\n\n\n<p><strong>Reconnue par la Commission des psychologues<\/strong>, mon cadre est \u00e9thique, d\u00e9ontologique et mes s\u00e9ances b\u00e9n\u00e9ficient d&#8217;une <strong>intervention de la mutuelle<\/strong>.<\/p>\n\n\n\n<p>Je vous accompagne sur votre chemin de reconnexion, lors de passages initiatiques de la Vie, de grands bouleversements int\u00e9rieurs (<strong>s\u00e9paration, deuil, perte de sens, \u00e9puisement<\/strong>) ou si vous ressentez un \u00e9lan profond \u00e0 <strong>vous retrouver.<\/strong><\/p>\n\n\n\n<p>Mon approche est <strong>int\u00e9grative<\/strong> : elle honore <em>le corps, les \u00e9motions, l\u2019intuition<\/em> <em>ainsi que les dynamiques et loyaut\u00e9s transg\u00e9n\u00e9rationnelles<\/em>.<\/p>\n\n\n\n<p>\u00c0 travers <strong>la parole, l\u2019\u00e9coute du corps, <a href=\"https:\/\/www.xaviereguillaume.be\/index.php\/les-constellations-familiales\/\" data-type=\"page\" data-id=\"124\">les constellations familiales<\/a> et le travail symbolique,<\/strong> je propose un accompagnement en <strong>douceur<\/strong>, dans un cadre s\u00e9curisant, sans jugement ni protocole fig\u00e9 et respectueux du rythme de chacun.<\/p>\n\n\n\n<blockquote class=\"wp-block-quote is-layout-flow wp-block-quote-is-layout-flow\" style=\"margin-top:var(--wp--preset--spacing--60);margin-bottom:var(--wp--preset--spacing--60);font-size:17px\">\n<p><em>Il ne s\u2019agit pas de changer mais d\u2019oser se rencontrer autrement.<\/em><br><em>Peu \u00e0 peu, les jugements int\u00e9rieurs et les blessures se d\u00e9voilent, les masques se d\u00e9posent et un autre regard est port\u00e9 sur soi et le monde.<\/em><\/p>\n<\/blockquote>\n\n\n\n<p>Pas \u00e0 pas, \u00e0 partir de ce qui est l\u00e0, nous redonnons la juste place aux ressentis et nous r\u00e9habilitons le corps comme <strong>boussole int\u00e9rieure<\/strong>.<\/p>\n\n\n\n<p>\u00c9merge alors une <strong>solidit\u00e9 int\u00e9rieure<\/strong> permettant d&#8217;accorder davantage les choix de vie aux \u00e9lans du c\u0153ur et aux d\u00e9sirs profonds.<\/p>\n\n\n\n<p>Ce site vous invite \u00e0 d\u00e9couvrir mon univers th\u00e9rapeutique et mon accompagnement :<br><br>\u2665  <em><a href=\"https:\/\/www.xaviereguillaume.be\/index.php\/mon-approche\/\" data-type=\"page\" data-id=\"22\">En savoir plus sur mon approche<\/a><\/em><br>\u2665  <em><a href=\"https:\/\/www.xaviereguillaume.be\/index.php\/mon-lieu-daccueil\/\" data-type=\"page\" data-id=\"28\">D\u00e9couvrir le cadre et les modalit\u00e9s des consultations<\/a><\/em><br>\u2665  <em><a href=\"https:\/\/www.xaviereguillaume.be\/index.php\/a-propos\/\" data-type=\"page\" data-id=\"20\">En savoir plus sur moi<\/a><\/em><\/p>\n\n\n\n<p>Les consultations se prennent facilement en ligne <strong><a href=\"https:\/\/www.doctoranytime.be\/d\/psychologue\/xaviere-guillaume\">ici<\/a><\/strong> en fonction de vos disponibilit\u00e9s.<br>Pour toute question ou demande sp\u00e9cifique, je reste disponible via <a href=\"https:\/\/www.xaviereguillaume.be\/index.php\/prendre-rendez-vous\/\" data-type=\"page\" data-id=\"30\"><strong>le formulaire de contact<\/strong>.<\/a><\/p>\n\n\n\n<p><\/p>\n\n\n\n<p>Au plaisir de vous rencontrer,<\/p>\n\n\n\n<p><br><em>Avec c\u0153ur et enVie,<\/em><\/p>\n\n\n\n<p><br><strong>Xavi\u00e8re<\/strong><\/p>\n\n\n\n<figure class=\"wp-block-pullquote has-medium-font-size\"><blockquote><p><em><strong><strong><em>\u201cLa beaut\u00e9 de la vie r\u00e9side dans les moments o\u00f9 nous laissons tomber nos masques et embrassons notre vuln\u00e9rabilit\u00e9 la plus authentique\u201d <\/em><\/strong><\/strong><\/em><\/p><cite>\u2014 Bren\u00e9 Brown<\/cite><\/blockquote><\/figure>\n\n\n\n<p><\/p>\n","protected":false},"excerpt":{"rendered":"<p>Je suis Xavi\u00e8re Guillaume, psychologue clinicienne depuis 2011. Riche de plus de dix ans d\u2019exp\u00e9rience en institutions, je vous re\u00e7ois aujourd\u2019hui sur rendez-vous en consultations priv\u00e9es \u00e0 Gembloux, dans un espace accueillant au sein de mon domicile. Reconnue par la Commission des psychologues, mon cadre est \u00e9thique, d\u00e9ontologique et mes s\u00e9ances b\u00e9n\u00e9ficient d&#8217;une intervention de la mutuelle. Je vous accompagne sur votre chemin de reconnexion, lors de passages initiatiques de la Vie, de grands bouleversements int\u00e9rieurs (s\u00e9paration, deuil, perte de sens, \u00e9puisement) ou si vous ressentez un \u00e9lan profond \u00e0 vous retrouver. Mon approche est int\u00e9grative : elle honore le corps, les \u00e9motions, l\u2019intuition ainsi que les dynamiques et loyaut\u00e9s transg\u00e9n\u00e9rationnelles. \u00c0 travers la parole, l\u2019\u00e9coute du corps, les constellations familiales et le travail symbolique, je propose un accompagnement en douceur, dans un cadre s\u00e9curisant, sans jugement ni protocole fig\u00e9 et respectueux du rythme de chacun. Il ne s\u2019agit pas de changer mais d\u2019oser se rencontrer autrement.Peu \u00e0 peu, les jugements int\u00e9rieurs et les blessures se d\u00e9voilent, les masques se d\u00e9posent et un autre regard est port\u00e9 sur soi et le monde. Pas \u00e0 pas, \u00e0 partir de ce qui est l\u00e0, nous redonnons la juste place aux ressentis et nous r\u00e9habilitons le corps comme boussole int\u00e9rieure. \u00c9merge alors une solidit\u00e9 int\u00e9rieure permettant d&#8217;accorder davantage les choix de vie aux \u00e9lans du c\u0153ur et aux d\u00e9sirs profonds. Ce site vous invite \u00e0 d\u00e9couvrir mon univers th\u00e9rapeutique et mon accompagnement : \u2665 En savoir plus sur mon approche\u2665 D\u00e9couvrir le cadre et les modalit\u00e9s des consultations\u2665 En savoir plus sur moi Les consultations se prennent facilement en ligne ici en fonction de vos disponibilit\u00e9s.Pour toute question ou demande sp\u00e9cifique, je reste disponible via le formulaire de contact. Au plaisir de vous rencontrer, Avec c\u0153ur et enVie, Xavi\u00e8re \u201cLa beaut\u00e9 de la vie r\u00e9side dans les moments o\u00f9 nous laissons tomber nos masques et embrassons notre vuln\u00e9rabilit\u00e9 la plus authentique\u201d \u2014 Bren\u00e9 Brown<\/p>\n","protected":false},"author":1,"featured_media":0,"parent":0,"menu_order":0,"comment_status":"closed","ping_status":"closed","template":"","meta":{"footnotes":""},"class_list":["post-17","page","type-page","status-publish","hentry"],"_links":{"self":[{"href":"https:\/\/www.xaviereguillaume.be\/index.php\/wp-json\/wp\/v2\/pages\/17","targetHints":{"allow":["GET"]}}],"collection":[{"href":"https:\/\/www.xaviereguillaume.be\/index.php\/wp-json\/wp\/v2\/pages"}],"about":[{"href":"https:\/\/www.xaviereguillaume.be\/index.php\/wp-json\/wp\/v2\/types\/page"}],"author":[{"embeddable":true,"href":"https:\/\/www.xaviereguillaume.be\/index.php\/wp-json\/wp\/v2\/users\/1"}],"replies":[{"embeddable":true,"href":"https:\/\/www.xaviereguillaume.be\/index.php\/wp-json\/wp\/v2\/comments?post=17"}],"version-history":[{"count":30,"href":"https:\/\/www.xaviereguillaume.be\/index.php\/wp-json\/wp\/v2\/pages\/17\/revisions"}],"predecessor-version":[{"id":355,"href":"https:\/\/www.xaviereguillaume.be\/index.php\/wp-json\/wp\/v2\/pages\/17\/revisions\/355"}],"wp:attachment":[{"href":"https:\/\/www.xaviereguillaume.be\/index.php\/wp-json\/wp\/v2\/media?parent=17"}],"curies":[{"name":"wp","href":"https:\/\/api.w.org\/{rel}","templated":true}]}}